{"id":544,"date":"2023-11-19T09:14:55","date_gmt":"2023-11-19T09:14:55","guid":{"rendered":"https:\/\/dev.agencialumina.com.br\/bodyplease\/?page_id=544"},"modified":"2025-01-22T19:10:31","modified_gmt":"2025-01-22T19:10:31","slug":"about-me","status":"publish","type":"page","link":"https:\/\/bodyplease.ch\/fr_fr\/about-me\/","title":{"rendered":"\u00c0 propos de moi"},"content":{"rendered":"<div data-elementor-type=\"wp-page\" data-elementor-id=\"544\" class=\"elementor elementor-544\" data-elementor-post-type=\"page\">\n\t\t\t\t\t\t<section class=\"elementor-section elementor-top-section elementor-element elementor-element-3bd77c5b elementor-section-stretched elementor-section-boxed elementor-section-height-default elementor-section-height-default\" data-id=\"3bd77c5b\" data-element_type=\"section\" data-settings=\"{&quot;stretch_section&quot;:&quot;section-stretched&quot;,&quot;jet_parallax_layout_list&quot;:[]}\">\n\t\t\t\t\t\t<div class=\"elementor-container elementor-column-gap-custom\">\n\t\t\t\t\t<div class=\"elementor-column elementor-col-50 elementor-top-column elementor-element elementor-element-4fa8d9d7\" data-id=\"4fa8d9d7\" data-element_type=\"column\">\n\t\t\t<div class=\"elementor-widget-wrap elementor-element-populated\">\n\t\t\t\t\t\t<div class=\"elementor-element elementor-element-7a0515dd elementor-invisible elementor-widget elementor-widget-heading\" data-id=\"7a0515dd\" data-element_type=\"widget\" data-settings=\"{&quot;_animation&quot;:&quot;fadeIn&quot;}\" data-widget_type=\"heading.default\">\n\t\t\t\t<div class=\"elementor-widget-container\">\n\t\t\t\t\t<h2 class=\"elementor-heading-title elementor-size-default\">\u00c0 propos de moi, ici pour vous<\/h2>\t\t\t\t<\/div>\n\t\t\t\t<\/div>\n\t\t\t\t<div class=\"elementor-element elementor-element-5170e10 elementor-widget elementor-widget-heading\" data-id=\"5170e10\" data-element_type=\"widget\" data-widget_type=\"heading.default\">\n\t\t\t\t<div class=\"elementor-widget-container\">\n\t\t\t\t\t<h1 class=\"elementor-heading-title elementor-size-default\">CRISTIANA BOLLI<\/h1>\t\t\t\t<\/div>\n\t\t\t\t<\/div>\n\t\t\t\t<div class=\"elementor-element elementor-element-49c88636 elementor-invisible elementor-widget elementor-widget-text-editor\" data-id=\"49c88636\" data-element_type=\"widget\" data-settings=\"{&quot;_animation&quot;:&quot;fadeIn&quot;}\" data-widget_type=\"text-editor.default\">\n\t\t\t\t<div class=\"elementor-widget-container\">\n\t\t\t\t\t\t\t\t\t<p>J'ai v\u00e9cu les hauts et les bas de l'intimit\u00e9. Sans sexe et \u00e0 l'exploration de diverses pratiques. Ces exp\u00e9riences m'ont inspir\u00e9e \u00e0 devenir sexologue, d\u00e9diant ma vie \u00e0 aider les autres \u00e0 trouver leur bien-\u00eatre intime.<\/p><p><span class=\"notion-enable-hover\" data-token-index=\"0\">En int\u00e9grant des approches pratiques bas\u00e9s sur la th\u00e9rapie cognitive-comportementale, la pleine conscience, ainsi que mes comp\u00e9tences en sexologique appliqu\u00e9e, j'ai trouv\u00e9 mon expression sexuelle authentique et cr\u00e9\u00e9 un programme  pour am\u00e9liorer le d\u00e9sir, l'excitation, la satisfaction sexuelle et la qualit\u00e9 de votre intimit\u00e9.<\/span> I&#8217;ve found my authentic sexual expression and created a program<span class=\"notion-enable-hover\" data-token-index=\"2\"> for improving desire, arousal, and sexual satisfaction.<\/span><\/p><p><strong>C'est ce que je souhaite pour vous - trouver votre propre chemin vers le bien-\u00eatre intime, libre des attentes soci\u00e9tales.<\/strong><!-- notionvc: 0df23108-ecbe-4448-8d4a-7263fbdd7d60 --><\/p><p>Que vous soyez une femme en p\u00e9rim\u00e9nopause, un couple ravivant sa passion, ou quelqu'un cherchant une connexion plus profonde avec sa sexualit\u00e9, je suis l\u00e0 pour vous guider. Mon approche se concentre sur l'\u00e9veil des sensations corporelles et l'acceptation de votre parcours unique.<\/p><p><!-- notionvc: 0e06d73f-266d-4889-a539-727c0d379814 --><\/p><p><!-- notionvc: 8c1caaf1-74b8-4b1f-a085-8efbc444b76a --><\/p><p><!-- notionvc: 3ae911b8-9277-45f5-9ffb-0607021fa299 --><\/p><p><!-- notionvc: 16cff810-895b-45d9-bc62-8d2bbbabffa3 --><\/p><p><!-- notionvc: ace54004-32c4-49a8-92c5-8c8ad196f027 --><\/p><p><!-- notionvc: 8b08e192-78f4-4484-bf46-ec1b9cceba33 --><\/p><p><!-- notionvc: 53848b56-2ba8-4545-a95f-ea704efb9296 --><\/p><p><!-- notionvc: 8825c2b1-6764-4969-9270-99186bc45238 --><\/p>\t\t\t\t\t\t\t\t<\/div>\n\t\t\t\t<\/div>\n\t\t\t\t<section class=\"elementor-section elementor-inner-section elementor-element elementor-element-23983fa elementor-section-boxed elementor-section-height-default elementor-section-height-default\" data-id=\"23983fa\" data-element_type=\"section\" data-settings=\"{&quot;jet_parallax_layout_list&quot;:[]}\">\n\t\t\t\t\t\t<div class=\"elementor-container elementor-column-gap-custom\">\n\t\t\t\t\t<div class=\"elementor-column elementor-col-100 elementor-inner-column elementor-element elementor-element-394b570\" data-id=\"394b570\" data-element_type=\"column\">\n\t\t\t<div class=\"elementor-widget-wrap\">\n\t\t\t\t\t\t\t<\/div>\n\t\t<\/div>\n\t\t\t\t\t<\/div>\n\t\t<\/section>\n\t\t\t\t\t<\/div>\n\t\t<\/div>\n\t\t\t\t<div class=\"elementor-column elementor-col-50 elementor-top-column elementor-element elementor-element-3c1650cb\" data-id=\"3c1650cb\" data-element_type=\"column\" data-settings=\"{&quot;background_background&quot;:&quot;classic&quot;}\">\n\t\t\t<div class=\"elementor-widget-wrap elementor-element-populated\">\n\t\t\t\t\t\t<div class=\"elementor-element elementor-element-58304e5 elementor-invisible elementor-widget elementor-widget-image\" data-id=\"58304e5\" data-element_type=\"widget\" data-settings=\"{&quot;_animation&quot;:&quot;fadeIn&quot;}\" data-widget_type=\"image.default\">\n\t\t\t\t<div class=\"elementor-widget-container\">\n\t\t\t\t\t\t\t\t\t\t\t\t\t\t\t<img fetchpriority=\"high\" decoding=\"async\" width=\"1707\" height=\"2560\" src=\"https:\/\/bodyplease.ch\/wp-content\/uploads\/2024\/11\/IMG_0250-scaled.jpg\" class=\"attachment-full size-full wp-image-1495\" alt=\"\" srcset=\"https:\/\/bodyplease.ch\/wp-content\/uploads\/2024\/11\/IMG_0250-scaled.jpg 1707w, https:\/\/bodyplease.ch\/wp-content\/uploads\/2024\/11\/IMG_0250-200x300.jpg 200w, https:\/\/bodyplease.ch\/wp-content\/uploads\/2024\/11\/IMG_0250-683x1024.jpg 683w, https:\/\/bodyplease.ch\/wp-content\/uploads\/2024\/11\/IMG_0250-768x1152.jpg 768w, https:\/\/bodyplease.ch\/wp-content\/uploads\/2024\/11\/IMG_0250-1024x1536.jpg 1024w, https:\/\/bodyplease.ch\/wp-content\/uploads\/2024\/11\/IMG_0250-1366x2048.jpg 1366w, https:\/\/bodyplease.ch\/wp-content\/uploads\/2024\/11\/IMG_0250-8x12.jpg 8w, https:\/\/bodyplease.ch\/wp-content\/uploads\/2024\/11\/IMG_0250-1x1.jpg 1w, https:\/\/bodyplease.ch\/wp-content\/uploads\/2024\/11\/IMG_0250-7x10.jpg 7w\" sizes=\"(max-width: 1707px) 100vw, 1707px\" \/>\t\t\t\t\t\t\t\t\t\t\t\t\t\t\t<\/div>\n\t\t\t\t<\/div>\n\t\t\t\t<section class=\"elementor-section elementor-inner-section elementor-element elementor-element-4d6be313 elementor-section-boxed elementor-section-height-default elementor-section-height-default\" data-id=\"4d6be313\" data-element_type=\"section\" data-settings=\"{&quot;jet_parallax_layout_list&quot;:[]}\">\n\t\t\t\t\t\t<div class=\"elementor-container elementor-column-gap-custom\">\n\t\t\t\t\t<div class=\"elementor-column elementor-col-50 elementor-inner-column elementor-element elementor-element-43334696 elementor-invisible\" data-id=\"43334696\" data-element_type=\"column\" data-settings=\"{&quot;background_background&quot;:&quot;classic&quot;,&quot;animation&quot;:&quot;fadeIn&quot;}\">\n\t\t\t<div class=\"elementor-widget-wrap elementor-element-populated\">\n\t\t\t\t\t\t<div class=\"elementor-element elementor-element-f38cc95 elementor-widget elementor-widget-heading\" data-id=\"f38cc95\" data-element_type=\"widget\" data-widget_type=\"heading.default\">\n\t\t\t\t<div class=\"elementor-widget-container\">\n\t\t\t\t\t<h2 class=\"elementor-heading-title elementor-size-default\">Pionni\u00e8re en Sexologie Appliqu\u00e9e en Suisse<\/h2>\t\t\t\t<\/div>\n\t\t\t\t<\/div>\n\t\t\t\t<div class=\"elementor-element elementor-element-b54a69c elementor-widget elementor-widget-image\" data-id=\"b54a69c\" data-element_type=\"widget\" data-widget_type=\"image.default\">\n\t\t\t\t<div class=\"elementor-widget-container\">\n\t\t\t\t\t\t\t\t\t\t\t\t\t\t\t<img decoding=\"async\" width=\"382\" height=\"90\" src=\"https:\/\/bodyplease.ch\/wp-content\/uploads\/2023\/10\/unnamed.png\" class=\"attachment-large size-large wp-image-16\" alt=\"\" srcset=\"https:\/\/bodyplease.ch\/wp-content\/uploads\/2023\/10\/unnamed.png 382w, https:\/\/bodyplease.ch\/wp-content\/uploads\/2023\/10\/unnamed-300x71.png 300w\" sizes=\"(max-width: 382px) 100vw, 382px\" \/>\t\t\t\t\t\t\t\t\t\t\t\t\t\t\t<\/div>\n\t\t\t\t<\/div>\n\t\t\t\t\t<\/div>\n\t\t<\/div>\n\t\t\t\t<div class=\"elementor-column elementor-col-50 elementor-inner-column elementor-element elementor-element-1bc1f21f\" data-id=\"1bc1f21f\" data-element_type=\"column\">\n\t\t\t<div class=\"elementor-widget-wrap\">\n\t\t\t\t\t\t\t<\/div>\n\t\t<\/div>\n\t\t\t\t\t<\/div>\n\t\t<\/section>\n\t\t\t\t\t<\/div>\n\t\t<\/div>\n\t\t\t\t\t<\/div>\n\t\t<\/section>\n\t\t\t\t<section class=\"elementor-section elementor-top-section elementor-element elementor-element-0423206 elementor-section-boxed elementor-section-height-default elementor-section-height-default\" data-id=\"0423206\" data-element_type=\"section\" data-settings=\"{&quot;jet_parallax_layout_list&quot;:[]}\">\n\t\t\t\t\t\t<div class=\"elementor-container elementor-column-gap-default\">\n\t\t\t\t\t<div class=\"elementor-column elementor-col-100 elementor-top-column elementor-element elementor-element-b98468c\" data-id=\"b98468c\" data-element_type=\"column\">\n\t\t\t<div class=\"elementor-widget-wrap elementor-element-populated\">\n\t\t\t\t\t\t<div class=\"elementor-element elementor-element-2eba5b5 elementor-widget elementor-widget-spacer\" data-id=\"2eba5b5\" data-element_type=\"widget\" data-widget_type=\"spacer.default\">\n\t\t\t\t<div class=\"elementor-widget-container\">\n\t\t\t\t\t\t\t<div class=\"elementor-spacer\">\n\t\t\t<div class=\"elementor-spacer-inner\"><\/div>\n\t\t<\/div>\n\t\t\t\t\t\t<\/div>\n\t\t\t\t<\/div>\n\t\t\t\t\t<\/div>\n\t\t<\/div>\n\t\t\t\t\t<\/div>\n\t\t<\/section>\n\t\t\t\t<\/div>","protected":false},"excerpt":{"rendered":"<p>About Me here for you CRISTIANA BOLLI I&#8217;ve experienced the highs and lows of intimacy, from sexless to exploring various lifestyles and practices. These experiences&#8230;<\/p>","protected":false},"author":4,"featured_media":0,"parent":0,"menu_order":0,"comment_status":"closed","ping_status":"closed","template":"elementor_header_footer","meta":{"footnotes":""},"class_list":["post-544","page","type-page","status-publish","hentry"],"_links":{"self":[{"href":"https:\/\/bodyplease.ch\/fr_fr\/wp-json\/wp\/v2\/pages\/544","targetHints":{"allow":["GET"]}}],"collection":[{"href":"https:\/\/bodyplease.ch\/fr_fr\/wp-json\/wp\/v2\/pages"}],"about":[{"href":"https:\/\/bodyplease.ch\/fr_fr\/wp-json\/wp\/v2\/types\/page"}],"author":[{"embeddable":true,"href":"https:\/\/bodyplease.ch\/fr_fr\/wp-json\/wp\/v2\/users\/4"}],"replies":[{"embeddable":true,"href":"https:\/\/bodyplease.ch\/fr_fr\/wp-json\/wp\/v2\/comments?post=544"}],"version-history":[{"count":0,"href":"https:\/\/bodyplease.ch\/fr_fr\/wp-json\/wp\/v2\/pages\/544\/revisions"}],"wp:attachment":[{"href":"https:\/\/bodyplease.ch\/fr_fr\/wp-json\/wp\/v2\/media?parent=544"}],"curies":[{"name":"wp","href":"https:\/\/api.w.org\/{rel}","templated":true}]}}